{"id":7151,"date":"2022-04-19T13:53:37","date_gmt":"2022-04-19T11:53:37","guid":{"rendered":"https:\/\/www.malmomassan.se\/safe-meetings\/"},"modified":"2025-06-03T16:46:37","modified_gmt":"2025-06-03T14:46:37","slug":"safe-meetings","status":"publish","type":"page","link":"https:\/\/www.malmomassan.se\/en\/safe-meetings\/","title":{"rendered":"Safe meetings"},"content":{"rendered":"\t\t<div data-elementor-type=\"wp-page\" data-elementor-id=\"7151\" class=\"elementor elementor-7151 elementor-5581\" data-elementor-post-type=\"page\">\n\t\t\t\t\t\t<section class=\"elementor-section elementor-top-section elementor-element elementor-element-2d4d2241 elementor-section-full_width elementor-section-height-default elementor-section-height-default\" data-id=\"2d4d2241\" data-element_type=\"section\">\n\t\t\t\t\t\t<div class=\"elementor-container elementor-column-gap-default\">\n\t\t\t\t\t<div class=\"elementor-column elementor-col-100 elementor-top-column elementor-element elementor-element-66647294\" data-id=\"66647294\" data-element_type=\"column\">\n\t\t\t<div class=\"elementor-widget-wrap elementor-element-populated\">\n\t\t\t\t\t\t<section class=\"elementor-section elementor-inner-section elementor-element elementor-element-4d9a3c2a elementor-section-boxed elementor-section-height-default elementor-section-height-default\" data-id=\"4d9a3c2a\" data-element_type=\"section\">\n\t\t\t\t\t\t<div class=\"elementor-container elementor-column-gap-default\">\n\t\t\t\t\t<div class=\"elementor-column elementor-col-50 elementor-inner-column elementor-element elementor-element-3aebaa16\" data-id=\"3aebaa16\" data-element_type=\"column\">\n\t\t\t<div class=\"elementor-widget-wrap elementor-element-populated\">\n\t\t\t\t\t\t<div class=\"elementor-element elementor-element-35f8e943 elementor-widget elementor-widget-heading\" data-id=\"35f8e943\" data-element_type=\"widget\" data-widget_type=\"heading.default\">\n\t\t\t\t<div class=\"elementor-widget-container\">\n\t\t\t\t\t<h1 class=\"elementor-heading-title elementor-size-default\">Safe events &amp; meeting spaces at Malm\u00f6m\u00e4ssan | Easyfairs<\/h1>\t\t\t\t<\/div>\n\t\t\t\t<\/div>\n\t\t\t\t<div class=\"elementor-element elementor-element-26512908 elementor-widget elementor-widget-text-editor\" data-id=\"26512908\" data-element_type=\"widget\" data-widget_type=\"text-editor.default\">\n\t\t\t\t<div class=\"elementor-widget-container\">\n\t\t\t\t\t\t\t\t\t<p>*Our safety regulations are adapted to suit the needs of each trade show and event.<\/p>\n\t\t\t\t\t\t\t\t<\/div>\n\t\t\t\t<\/div>\n\t\t\t\t<div class=\"elementor-element elementor-element-728138fd elementor-widget-divider--view-line elementor-widget elementor-widget-divider\" data-id=\"728138fd\" data-element_type=\"widget\" data-widget_type=\"divider.default\">\n\t\t\t\t<div class=\"elementor-widget-container\">\n\t\t\t\t\t\t\t<div class=\"elementor-divider\">\n\t\t\t<span class=\"elementor-divider-separator\">\n\t\t\t\t\t\t<\/span>\n\t\t<\/div>\n\t\t\t\t\t\t<\/div>\n\t\t\t\t<\/div>\n\t\t\t\t\t<\/div>\n\t\t<\/div>\n\t\t\t\t<div class=\"elementor-column elementor-col-50 elementor-inner-column elementor-element elementor-element-7432a055\" data-id=\"7432a055\" data-element_type=\"column\">\n\t\t\t<div class=\"elementor-widget-wrap elementor-element-populated\">\n\t\t\t\t\t\t<div class=\"elementor-element elementor-element-8d48011 elementor-widget elementor-widget-video\" data-id=\"8d48011\" data-element_type=\"widget\" data-settings=\"{&quot;youtube_url&quot;:&quot;https:\\\/\\\/www.youtube.com\\\/watch?v=mG-1k7SYw_I&amp;ab_channel=EasyfairsNordic&quot;,&quot;video_type&quot;:&quot;youtube&quot;,&quot;controls&quot;:&quot;yes&quot;}\" data-widget_type=\"video.default\">\n\t\t\t\t<div class=\"elementor-widget-container\">\n\t\t\t\t\t\t\t<div class=\"elementor-wrapper elementor-open-inline\">\n\t\t\t<div class=\"elementor-video\"><\/div>\t\t<\/div>\n\t\t\t\t\t\t<\/div>\n\t\t\t\t<\/div>\n\t\t\t\t\t<\/div>\n\t\t<\/div>\n\t\t\t\t\t<\/div>\n\t\t<\/section>\n\t\t\t\t\t<\/div>\n\t\t<\/div>\n\t\t\t\t\t<\/div>\n\t\t<\/section>\n\t\t\t\t<section class=\"elementor-section elementor-inner-section elementor-element elementor-element-2c2781ac elementor-section-boxed elementor-section-height-default elementor-section-height-default\" data-id=\"2c2781ac\" data-element_type=\"section\">\n\t\t\t\t\t\t\t<div class=\"elementor-background-overlay\"><\/div>\n\t\t\t\t\t\t\t<div class=\"elementor-container elementor-column-gap-default\">\n\t\t\t\t\t<div class=\"elementor-column elementor-col-100 elementor-inner-column elementor-element elementor-element-4b556cfc\" data-id=\"4b556cfc\" data-element_type=\"column\">\n\t\t\t<div class=\"elementor-widget-wrap elementor-element-populated\">\n\t\t\t\t\t\t<div class=\"elementor-element elementor-element-72a8068f elementor-widget elementor-widget-text-editor\" data-id=\"72a8068f\" data-element_type=\"widget\" data-widget_type=\"text-editor.default\">\n\t\t\t\t<div class=\"elementor-widget-container\">\n\t\t\t\t\t\t\t\t\t<p>Every visit here must be a safe visit. Your health and safety, and ours, will always come first, so we are adapting our facilities in the following ways:<\/p>\n\t\t\t\t\t\t\t\t<\/div>\n\t\t\t\t<\/div>\n\t\t\t\t<div class=\"elementor-element elementor-element-f31acbf elementor-widget elementor-widget-text-editor\" data-id=\"f31acbf\" data-element_type=\"widget\" data-widget_type=\"text-editor.default\">\n\t\t\t\t<div class=\"elementor-widget-container\">\n\t\t\t\t\t\t\t\t\t<ul>\n<li>Visitors will no longer be able to register at the entrance. Instead, this must be done online before your visit (or possibly by smartphone on site).<\/li>\n<li>Face masks and disposable gloves will be available at the entrance for visitors who require them.<\/li>\n<li>Hand sanitiser stations will be located on the trade show floor and in public areas.<\/li>\n<li>Transparent acrylic screens will be installed at registration and information desks.<\/li>\n<li>Staff will be stationed around the premises to make sure that visitors can maintain social distancing.<\/li>\n<li>Cleaning routines have been upgraded in frequency (how often) and surfaces are disinfected regularly.<\/li>\n<li>Holding points for maintaining social distancing in queues will be set up at entrances and where food is served.<\/li>\n<li>Information signs on Covid safety will be posted in the entrance hall.<\/li>\n<\/ul>\n\t\t\t\t\t\t\t\t<\/div>\n\t\t\t\t<\/div>\n\t\t\t\t\t<\/div>\n\t\t<\/div>\n\t\t\t\t\t<\/div>\n\t\t<\/section>\n\t\t\t\t<section class=\"elementor-section elementor-top-section elementor-element elementor-element-805f0c6 elementor-section-full_width elementor-section-height-default elementor-section-height-default\" data-id=\"805f0c6\" data-element_type=\"section\">\n\t\t\t\t\t\t<div class=\"elementor-container elementor-column-gap-default\">\n\t\t\t\t\t<div class=\"elementor-column elementor-col-100 elementor-top-column elementor-element elementor-element-1f8f7b6\" data-id=\"1f8f7b6\" data-element_type=\"column\">\n\t\t\t<div class=\"elementor-widget-wrap elementor-element-populated\">\n\t\t\t\t\t\t<section class=\"elementor-section elementor-inner-section elementor-element elementor-element-b19f82e elementor-section-boxed elementor-section-height-default elementor-section-height-default\" data-id=\"b19f82e\" data-element_type=\"section\">\n\t\t\t\t\t\t<div class=\"elementor-container elementor-column-gap-default\">\n\t\t\t\t\t<div class=\"elementor-column elementor-col-100 elementor-inner-column elementor-element elementor-element-2579ca4\" data-id=\"2579ca4\" data-element_type=\"column\">\n\t\t\t<div class=\"elementor-widget-wrap elementor-element-populated\">\n\t\t\t\t\t\t<div class=\"elementor-element elementor-element-3427e57 elementor-widget elementor-widget-heading\" data-id=\"3427e57\" data-element_type=\"widget\" data-widget_type=\"heading.default\">\n\t\t\t\t<div class=\"elementor-widget-container\">\n\t\t\t\t\t<h2 class=\"elementor-heading-title elementor-size-default\">We hold two Covid-19 certificates! <\/h2>\t\t\t\t<\/div>\n\t\t\t\t<\/div>\n\t\t\t\t\t<\/div>\n\t\t<\/div>\n\t\t\t\t\t<\/div>\n\t\t<\/section>\n\t\t\t\t<section class=\"elementor-section elementor-inner-section elementor-element elementor-element-740351e elementor-section-boxed elementor-section-height-default elementor-section-height-default\" data-id=\"740351e\" data-element_type=\"section\">\n\t\t\t\t\t\t<div class=\"elementor-container elementor-column-gap-default\">\n\t\t\t\t\t<div class=\"elementor-column elementor-col-33 elementor-inner-column elementor-element elementor-element-0909f24\" data-id=\"0909f24\" data-element_type=\"column\">\n\t\t\t<div class=\"elementor-widget-wrap elementor-element-populated\">\n\t\t\t\t\t\t<div class=\"elementor-element elementor-element-f3b0de5 elementor-widget elementor-widget-image\" data-id=\"f3b0de5\" data-element_type=\"widget\" data-widget_type=\"image.default\">\n\t\t\t\t<div class=\"elementor-widget-container\">\n\t\t\t\t\t\t\t\t\t\t\t\t\t\t\t<img fetchpriority=\"high\" decoding=\"async\" width=\"800\" height=\"863\" src=\"https:\/\/easyfairsassets.com\/sites\/109\/2021\/10\/Easyfairs_SGS_partner-Label_01a.png\" class=\"attachment-large size-large wp-image-6426\" alt=\"\" srcset=\"https:\/\/easyfairsassets.com\/sites\/109\/2021\/10\/Easyfairs_SGS_partner-Label_01a.png 909w, https:\/\/easyfairsassets.com\/sites\/109\/2021\/10\/Easyfairs_SGS_partner-Label_01a-278x300.png 278w, https:\/\/easyfairsassets.com\/sites\/109\/2021\/10\/Easyfairs_SGS_partner-Label_01a-768x829.png 768w\" sizes=\"(max-width: 800px) 100vw, 800px\" \/>\t\t\t\t\t\t\t\t\t\t\t\t\t\t\t<\/div>\n\t\t\t\t<\/div>\n\t\t\t\t\t<\/div>\n\t\t<\/div>\n\t\t\t\t<div class=\"elementor-column elementor-col-33 elementor-inner-column elementor-element elementor-element-dbcfc96\" data-id=\"dbcfc96\" data-element_type=\"column\">\n\t\t\t<div class=\"elementor-widget-wrap elementor-element-populated\">\n\t\t\t\t\t\t<div class=\"elementor-element elementor-element-325c923 elementor-view-default elementor-widget elementor-widget-icon\" data-id=\"325c923\" data-element_type=\"widget\" data-widget_type=\"icon.default\">\n\t\t\t\t<div class=\"elementor-widget-container\">\n\t\t\t\t\t\t\t<div class=\"elementor-icon-wrapper\">\n\t\t\t<div class=\"elementor-icon\">\n\t\t\t<i aria-hidden=\"true\" class=\"fas fa-plus\"><\/i>\t\t\t<\/div>\n\t\t<\/div>\n\t\t\t\t\t\t<\/div>\n\t\t\t\t<\/div>\n\t\t\t\t\t<\/div>\n\t\t<\/div>\n\t\t\t\t<div class=\"elementor-column elementor-col-33 elementor-inner-column elementor-element elementor-element-998b6a7\" data-id=\"998b6a7\" data-element_type=\"column\">\n\t\t\t<div class=\"elementor-widget-wrap elementor-element-populated\">\n\t\t\t\t\t\t<div class=\"elementor-element elementor-element-052b3c3 elementor-widget elementor-widget-image\" data-id=\"052b3c3\" data-element_type=\"widget\" data-widget_type=\"image.default\">\n\t\t\t\t<div class=\"elementor-widget-container\">\n\t\t\t\t\t\t\t\t\t\t\t\t\t\t\t<img decoding=\"async\" width=\"734\" height=\"1024\" src=\"https:\/\/easyfairsassets.com\/sites\/109\/2021\/08\/COVID-Sticker-2021-734x1024.png\" class=\"attachment-large size-large wp-image-6312\" alt=\"\" srcset=\"https:\/\/easyfairsassets.com\/sites\/109\/2021\/08\/COVID-Sticker-2021-734x1024.png 734w, https:\/\/easyfairsassets.com\/sites\/109\/2021\/08\/COVID-Sticker-2021-215x300.png 215w, https:\/\/easyfairsassets.com\/sites\/109\/2021\/08\/COVID-Sticker-2021-768x1072.png 768w, https:\/\/easyfairsassets.com\/sites\/109\/2021\/08\/COVID-Sticker-2021-1101x1536.png 1101w, https:\/\/easyfairsassets.com\/sites\/109\/2021\/08\/COVID-Sticker-2021.png 1376w\" sizes=\"(max-width: 734px) 100vw, 734px\" \/>\t\t\t\t\t\t\t\t\t\t\t\t\t\t\t<\/div>\n\t\t\t\t<\/div>\n\t\t\t\t\t<\/div>\n\t\t<\/div>\n\t\t\t\t\t<\/div>\n\t\t<\/section>\n\t\t\t\t<section class=\"elementor-section elementor-inner-section elementor-element elementor-element-c535547 elementor-section-boxed elementor-section-height-default elementor-section-height-default\" data-id=\"c535547\" data-element_type=\"section\">\n\t\t\t\t\t\t<div class=\"elementor-container elementor-column-gap-default\">\n\t\t\t\t\t<div class=\"elementor-column elementor-col-100 elementor-inner-column elementor-element elementor-element-c32ea43\" data-id=\"c32ea43\" data-element_type=\"column\">\n\t\t\t<div class=\"elementor-widget-wrap elementor-element-populated\">\n\t\t\t\t\t\t<div class=\"elementor-element elementor-element-51c4464 elementor-widget elementor-widget-heading\" data-id=\"51c4464\" data-element_type=\"widget\" data-widget_type=\"heading.default\">\n\t\t\t\t<div class=\"elementor-widget-container\">\n\t\t\t\t\t<h3 class=\"elementor-heading-title elementor-size-default\">See you safely \u2013 a collaborative project between Sweden\u2019s leading trade show organisers<\/h3>\t\t\t\t<\/div>\n\t\t\t\t<\/div>\n\t\t\t\t<div class=\"elementor-element elementor-element-648591b elementor-widget elementor-widget-text-editor\" data-id=\"648591b\" data-element_type=\"widget\" data-widget_type=\"text-editor.default\">\n\t\t\t\t<div class=\"elementor-widget-container\">\n\t\t\t\t\t\t\t\t\tAs part of the preparations for re-opening trade show activities at Kistam\u00e4ssan, Easyfairs carried out a certification process during the summer to ensure the quality of its infection control routines for Covid-19. This work is part of the collaborative project See You Safely, introduced by Sweden\u2019s trade show organisers right at the start of the pandemic.\r\n\r\nOur international Covid-19 certification was developed by SAFE Asset Group and means that Kistam\u00e4ssan\u2019s preparations and routines for dealing with Covid-19 have been certified as Covid-19 Compliant. The assessment criteria include management systems, risk analysis, sign materials, availability of hand sanitiser stations, and training and safety routines.\t\t\t\t\t\t\t\t<\/div>\n\t\t\t\t<\/div>\n\t\t\t\t\t<\/div>\n\t\t<\/div>\n\t\t\t\t\t<\/div>\n\t\t<\/section>\n\t\t\t\t<section class=\"elementor-section elementor-inner-section elementor-element elementor-element-d843b19 elementor-section-boxed elementor-section-height-default elementor-section-height-default\" data-id=\"d843b19\" data-element_type=\"section\">\n\t\t\t\t\t\t<div class=\"elementor-container elementor-column-gap-default\">\n\t\t\t\t\t<div class=\"elementor-column elementor-col-50 elementor-inner-column elementor-element elementor-element-623bc07\" data-id=\"623bc07\" data-element_type=\"column\">\n\t\t\t<div class=\"elementor-widget-wrap elementor-element-populated\">\n\t\t\t\t\t\t<div class=\"elementor-element elementor-element-f1c2581 elementor-widget elementor-widget-text-editor\" data-id=\"f1c2581\" data-element_type=\"widget\" data-widget_type=\"text-editor.default\">\n\t\t\t\t<div class=\"elementor-widget-container\">\n\t\t\t\t\t\t\t\t\t<div>\n<ul>\n<li><b>Management system <\/b>\u2013 Organisation, roles, responsibilities, policy, guidelines for safety and legal requirements, self-monitoring and compliance.<\/li>\n<li><b>Risk assessment <\/b>\u2013 Risk analysis for events and measures to reduce the risk spread of Covid-19, risk assessment, social distancing, cleaning and specific risk areas.<\/li>\n<li><b>Exhibitor safety<\/b><b>and routines <\/b>\u2013 Routines for exhibitors, hygiene, social distancing, guidelines and compliance.<\/li>\n<li><b>Supplier safety<\/b><b> and routines <\/b>\u2013 Routines for suppliers, hygiene, social distancing, guidelines and compliance.<\/li>\n<li><b>Cleaning\/Hygiene <\/b>\u2013 Risk areas for cleaning, cleaning plans, cleaning routines, training and information for staff, protective equipment, cleaning routines for restaurants, visitor areas, toilets and compliance with these rules.<\/li>\n<li><b>Safe visit \u2013 <\/b>Routines and plans for visitors, registration, information before, during and after, signs, social distancing along visitors\u2019 route, information, hand sanitising, routines for entrances, visitor guides and public communication and general safety measures during visits.<\/li>\n<\/ul>\n<\/div>\n\t\t\t\t\t\t\t\t<\/div>\n\t\t\t\t<\/div>\n\t\t\t\t<div class=\"elementor-element elementor-element-f603300 elementor-widget-divider--view-line elementor-widget elementor-widget-divider\" data-id=\"f603300\" data-element_type=\"widget\" data-widget_type=\"divider.default\">\n\t\t\t\t<div class=\"elementor-widget-container\">\n\t\t\t\t\t\t\t<div class=\"elementor-divider\">\n\t\t\t<span class=\"elementor-divider-separator\">\n\t\t\t\t\t\t<\/span>\n\t\t<\/div>\n\t\t\t\t\t\t<\/div>\n\t\t\t\t<\/div>\n\t\t\t\t\t<\/div>\n\t\t<\/div>\n\t\t\t\t<div class=\"elementor-column elementor-col-50 elementor-inner-column elementor-element elementor-element-484ecb2\" data-id=\"484ecb2\" data-element_type=\"column\">\n\t\t\t<div class=\"elementor-widget-wrap elementor-element-populated\">\n\t\t\t\t\t\t<div class=\"elementor-element elementor-element-df7ed0e elementor-widget elementor-widget-image\" data-id=\"df7ed0e\" data-element_type=\"widget\" data-widget_type=\"image.default\">\n\t\t\t\t<div class=\"elementor-widget-container\">\n\t\t\t\t\t\t\t\t\t\t\t\t\t\t\t<img decoding=\"async\" width=\"770\" height=\"338\" src=\"https:\/\/easyfairsassets.com\/sites\/109\/2021\/10\/Vi-ses-sakert_pratbubbla_BLUE-01-770x338-1.png\" class=\"attachment-large size-large wp-image-6518\" alt=\"\" srcset=\"https:\/\/easyfairsassets.com\/sites\/109\/2021\/10\/Vi-ses-sakert_pratbubbla_BLUE-01-770x338-1.png 770w, https:\/\/easyfairsassets.com\/sites\/109\/2021\/10\/Vi-ses-sakert_pratbubbla_BLUE-01-770x338-1-300x132.png 300w, https:\/\/easyfairsassets.com\/sites\/109\/2021\/10\/Vi-ses-sakert_pratbubbla_BLUE-01-770x338-1-768x337.png 768w\" sizes=\"(max-width: 770px) 100vw, 770px\" \/>\t\t\t\t\t\t\t\t\t\t\t\t\t\t\t<\/div>\n\t\t\t\t<\/div>\n\t\t\t\t\t<\/div>\n\t\t<\/div>\n\t\t\t\t\t<\/div>\n\t\t<\/section>\n\t\t\t\t<section class=\"elementor-section elementor-inner-section elementor-element elementor-element-44c8be2 elementor-section-boxed elementor-section-height-default elementor-section-height-default\" data-id=\"44c8be2\" data-element_type=\"section\">\n\t\t\t\t\t\t<div class=\"elementor-container elementor-column-gap-default\">\n\t\t\t\t\t<div class=\"elementor-column elementor-col-50 elementor-inner-column elementor-element elementor-element-a07cca2\" data-id=\"a07cca2\" data-element_type=\"column\">\n\t\t\t<div class=\"elementor-widget-wrap elementor-element-populated\">\n\t\t\t\t\t\t<div class=\"elementor-element elementor-element-a5a0157 elementor-widget elementor-widget-image\" data-id=\"a5a0157\" data-element_type=\"widget\" data-widget_type=\"image.default\">\n\t\t\t\t<div class=\"elementor-widget-container\">\n\t\t\t\t\t\t\t\t\t\t\t\t\t\t\t<img loading=\"lazy\" decoding=\"async\" width=\"744\" height=\"366\" src=\"https:\/\/easyfairsassets.com\/sites\/109\/2021\/10\/744px-SGS_Logo.svg.png\" class=\"attachment-large size-large wp-image-6413\" alt=\"\" srcset=\"https:\/\/easyfairsassets.com\/sites\/109\/2021\/10\/744px-SGS_Logo.svg.png 744w, https:\/\/easyfairsassets.com\/sites\/109\/2021\/10\/744px-SGS_Logo.svg-300x148.png 300w\" sizes=\"(max-width: 744px) 100vw, 744px\" \/>\t\t\t\t\t\t\t\t\t\t\t\t\t\t\t<\/div>\n\t\t\t\t<\/div>\n\t\t\t\t\t<\/div>\n\t\t<\/div>\n\t\t\t\t<div class=\"elementor-column elementor-col-50 elementor-inner-column elementor-element elementor-element-883a44d\" data-id=\"883a44d\" data-element_type=\"column\">\n\t\t\t<div class=\"elementor-widget-wrap elementor-element-populated\">\n\t\t\t\t\t\t<div class=\"elementor-element elementor-element-f0aba31 elementor-widget elementor-widget-heading\" data-id=\"f0aba31\" data-element_type=\"widget\" data-widget_type=\"heading.default\">\n\t\t\t\t<div class=\"elementor-widget-container\">\n\t\t\t\t\t<h3 class=\"elementor-heading-title elementor-size-default\">Partnership with SGS to ensure <br>\u201cEvery visit is a safe visit\u201d<\/h3>\t\t\t\t<\/div>\n\t\t\t\t<\/div>\n\t\t\t\t<div class=\"elementor-element elementor-element-696ca39 elementor-widget elementor-widget-text-editor\" data-id=\"696ca39\" data-element_type=\"widget\" data-widget_type=\"text-editor.default\">\n\t\t\t\t<div class=\"elementor-widget-container\">\n\t\t\t\t\t\t\t\t\t<p>Our partnership with SGS, the world\u2019s leading inspection, verification, testing and certification company, ensures that Easyfairs meets the highest international standards for health and safety. We work hard to make every visit a safe visit during the coronavirus pandemic and beyond. More information about our partnership with SGS and how it influences safety measures at our facilities can be found on Easyfair\u2019s global website.<br \/>\n(Information is in English)<\/p>\n\t\t\t\t\t\t\t\t<\/div>\n\t\t\t\t<\/div>\n\t\t\t\t<div class=\"elementor-element elementor-element-fc5c46f elementor-align-left elementor-mobile-align-justify elementor-widget elementor-widget-button\" data-id=\"fc5c46f\" data-element_type=\"widget\" data-widget_type=\"button.default\">\n\t\t\t\t<div class=\"elementor-widget-container\">\n\t\t\t\t\t\t\t\t\t<div class=\"elementor-button-wrapper\">\n\t\t\t\t\t<a class=\"elementor-button elementor-button-link elementor-size-sm elementor-animation-grow\" href=\"https:\/\/www.easyfairs.com\/2020\/07\/16\/easyfairs-partners-with-sgs-to-ensure-every-visit-is-a-safe-visit\/\">\n\t\t\t\t\t\t<span class=\"elementor-button-content-wrapper\">\n\t\t\t\t\t\t\t\t\t<span class=\"elementor-button-text\">Read more about the SGS partnership<\/span>\n\t\t\t\t\t<\/span>\n\t\t\t\t\t<\/a>\n\t\t\t\t<\/div>\n\t\t\t\t\t\t\t\t<\/div>\n\t\t\t\t<\/div>\n\t\t\t\t\t<\/div>\n\t\t<\/div>\n\t\t\t\t\t<\/div>\n\t\t<\/section>\n\t\t\t\t\t<\/div>\n\t\t<\/div>\n\t\t\t\t\t<\/div>\n\t\t<\/section>\n\t\t\t\t<\/div>\n\t\t","protected":false},"excerpt":{"rendered":"<p>Safe events &#038; meeting spaces at Malm\u00f6m\u00e4ssan | Easyfairs *Our safety regulations are adapted to suit the needs of each trade show and event. https:\/\/www.youtube.com\/watch?v=mG-1k7SYw_I&#038;ab_channel=EasyfairsNordic Every visit here must be a safe visit. Your health and safety, and ours, will always come first, so we are adapting our facilities in the following ways: Visitors will [&hellip;]<\/p>\n","protected":false},"author":16,"featured_media":0,"parent":0,"menu_order":0,"comment_status":"closed","ping_status":"closed","template":"","meta":{"_seopress_robots_primary_cat":"","_seopress_titles_title":"Safe events & meeting spaces at Malm\u00f6m\u00e4ssan | Easyfairs","_seopress_titles_desc":"At Malm\u00f6m\u00e4ssan our commitment to your saftey is one of our highest priorities. Our venues and events are doing everything to be the safest place to meet.","_seopress_robots_index":"","footnotes":""},"class_list":["post-7151","page","type-page","status-publish","hentry"],"_links":{"self":[{"href":"https:\/\/www.malmomassan.se\/en\/wp-json\/wp\/v2\/pages\/7151","targetHints":{"allow":["GET"]}}],"collection":[{"href":"https:\/\/www.malmomassan.se\/en\/wp-json\/wp\/v2\/pages"}],"about":[{"href":"https:\/\/www.malmomassan.se\/en\/wp-json\/wp\/v2\/types\/page"}],"author":[{"embeddable":true,"href":"https:\/\/www.malmomassan.se\/en\/wp-json\/wp\/v2\/users\/16"}],"replies":[{"embeddable":true,"href":"https:\/\/www.malmomassan.se\/en\/wp-json\/wp\/v2\/comments?post=7151"}],"version-history":[{"count":5,"href":"https:\/\/www.malmomassan.se\/en\/wp-json\/wp\/v2\/pages\/7151\/revisions"}],"predecessor-version":[{"id":9811,"href":"https:\/\/www.malmomassan.se\/en\/wp-json\/wp\/v2\/pages\/7151\/revisions\/9811"}],"wp:attachment":[{"href":"https:\/\/www.malmomassan.se\/en\/wp-json\/wp\/v2\/media?parent=7151"}],"curies":[{"name":"wp","href":"https:\/\/api.w.org\/{rel}","templated":true}]}}