{"id":4163,"date":"2019-03-29T14:42:20","date_gmt":"2019-03-29T12:42:20","guid":{"rendered":"https:\/\/www.malmomassan.se\/about-us\/"},"modified":"2025-04-15T10:56:30","modified_gmt":"2025-04-15T08:56:30","slug":"about-us","status":"publish","type":"page","link":"https:\/\/www.malmomassan.se\/en\/about-us\/","title":{"rendered":"About us"},"content":{"rendered":"\t\t<div data-elementor-type=\"wp-post\" data-elementor-id=\"4163\" class=\"elementor elementor-4163 elementor-2211\" data-elementor-post-type=\"page\">\n\t\t\t\t\t\t<section class=\"elementor-section elementor-top-section elementor-element elementor-element-2dcfe7e6 elementor-section-full_width elementor-section-height-default elementor-section-height-default\" data-id=\"2dcfe7e6\" data-element_type=\"section\">\n\t\t\t\t\t\t<div class=\"elementor-container elementor-column-gap-default\">\n\t\t\t\t\t<div class=\"elementor-column elementor-col-100 elementor-top-column elementor-element elementor-element-44e01a95\" data-id=\"44e01a95\" data-element_type=\"column\">\n\t\t\t<div class=\"elementor-widget-wrap elementor-element-populated\">\n\t\t\t\t\t\t<section class=\"elementor-section elementor-inner-section elementor-element elementor-element-66eae580 elementor-section-boxed elementor-section-height-default elementor-section-height-default\" data-id=\"66eae580\" data-element_type=\"section\">\n\t\t\t\t\t\t<div class=\"elementor-container elementor-column-gap-default\">\n\t\t\t\t\t<div class=\"elementor-column elementor-col-100 elementor-inner-column elementor-element elementor-element-5031935b\" data-id=\"5031935b\" data-element_type=\"column\">\n\t\t\t<div class=\"elementor-widget-wrap elementor-element-populated\">\n\t\t\t\t\t\t<div class=\"elementor-element elementor-element-6677913e elementor-widget elementor-widget-heading\" data-id=\"6677913e\" data-element_type=\"widget\" data-widget_type=\"heading.default\">\n\t\t\t\t<div class=\"elementor-widget-container\">\n\t\t\t\t\t<h1 class=\"elementor-heading-title elementor-size-default\">Malm\u00f6m\u00e4ssan <\/h1>\t\t\t\t<\/div>\n\t\t\t\t<\/div>\n\t\t\t\t<div class=\"elementor-element elementor-element-a855543 elementor-widget elementor-widget-heading\" data-id=\"a855543\" data-element_type=\"widget\" data-widget_type=\"heading.default\">\n\t\t\t\t<div class=\"elementor-widget-container\">\n\t\t\t\t\t<h2 class=\"elementor-heading-title elementor-size-default\">\u2013 in the heart of Greater Copenhagen!<\/h2>\t\t\t\t<\/div>\n\t\t\t\t<\/div>\n\t\t\t\t<div class=\"elementor-element elementor-element-af9891b elementor-widget elementor-widget-text-editor\" data-id=\"af9891b\" data-element_type=\"widget\" data-widget_type=\"text-editor.default\">\n\t\t\t\t<div class=\"elementor-widget-container\">\n\t\t\t\t\t\t\t\t\t<p>Malm\u00f6m\u00e4ssan is a modern meeting facility that can host all types of events: fairs, exhibitions, meetings, conferences and corporate events &#8211; only imagination sets the limits for what is possible. The meeting facility was built in 2012 with an exhibition hall of 10,000 m2, a conference center with 17 meeting rooms for 20 up to 1100 people, a plenary hall in the exhibition hall for up to 3000 people and two restaurants.<\/p>\n<p>The location is optimal for large events with participants from near and far. You can reach the train station with a 3-minute walk from the facility and from there you can reach Kastrup in 12 minutes, Malm\u00f6 city center in 3 minutes and Copenhagen Central Station in 24 minutes. Accommodation is always nearby with 700 hotel rooms within walking distance and an additional 4000 within 15 minutes. Together with the nearby Malm\u00f6 Arena we can accommodate events for up to 5000 people.<\/p>\n<p>In addition to our KRAV-certified restaurant we are constantly working to develop our sustainability thinking. For example the entire facility is Green Building certified and has Sweden&#8217;s largest sedum roof.<\/p>\n\t\t\t\t\t\t\t\t<\/div>\n\t\t\t\t<\/div>\n\t\t\t\t<div class=\"elementor-element elementor-element-4c0ad6f elementor-align-left elementor-mobile-align-justify elementor-widget elementor-widget-dynamic-button\" data-id=\"4c0ad6f\" data-element_type=\"widget\" data-widget_type=\"dynamic-button.default\">\n\t\t\t\t<div class=\"elementor-widget-container\">\n\t\t\t\t\t        <div class=\"elementor-button-wrapper\">\n            <a href=\"https:\/\/www.malmomassan.se\/kontakt\/\" class=\"elementor-button-link elementor-button elementor-size-sm elementor-animation-grow\" role=\"button\">\n                        <span class=\"elementor-button-content-wrapper\">\n\t\t\t\t\t\t<span class=\"elementor-button-text\">Like to know more? Contact us<\/span>\n\t\t<\/span>\n                    <\/a>\n        <\/div>\n        \t\t\t\t<\/div>\n\t\t\t\t<\/div>\n\t\t\t\t\t<\/div>\n\t\t<\/div>\n\t\t\t\t\t<\/div>\n\t\t<\/section>\n\t\t\t\t<section class=\"elementor-section elementor-inner-section elementor-element elementor-element-2b2c9a5e elementor-section-boxed elementor-section-height-default elementor-section-height-default\" data-id=\"2b2c9a5e\" data-element_type=\"section\" data-settings=\"{&quot;background_background&quot;:&quot;classic&quot;}\">\n\t\t\t\t\t\t<div class=\"elementor-container elementor-column-gap-default\">\n\t\t\t\t\t<div class=\"elementor-column elementor-col-50 elementor-inner-column elementor-element elementor-element-48cd6711\" data-id=\"48cd6711\" data-element_type=\"column\">\n\t\t\t<div class=\"elementor-widget-wrap elementor-element-populated\">\n\t\t\t\t\t\t<div class=\"elementor-element elementor-element-65f9f77d elementor-widget elementor-widget-image\" data-id=\"65f9f77d\" data-element_type=\"widget\" data-widget_type=\"image.default\">\n\t\t\t\t<div class=\"elementor-widget-container\">\n\t\t\t\t\t\t\t\t\t\t\t\t\t\t\t<img fetchpriority=\"high\" decoding=\"async\" width=\"800\" height=\"702\" src=\"https:\/\/easyfairsassets.com\/sites\/109\/2021\/05\/Trest-1024x899-1.png\" class=\"attachment-large size-large wp-image-5769\" alt=\"\" srcset=\"https:\/\/easyfairsassets.com\/sites\/109\/2021\/05\/Trest-1024x899-1.png 1024w, https:\/\/easyfairsassets.com\/sites\/109\/2021\/05\/Trest-1024x899-1-300x263.png 300w, https:\/\/easyfairsassets.com\/sites\/109\/2021\/05\/Trest-1024x899-1-768x674.png 768w\" sizes=\"(max-width: 800px) 100vw, 800px\" \/>\t\t\t\t\t\t\t\t\t\t\t\t\t\t\t<\/div>\n\t\t\t\t<\/div>\n\t\t\t\t\t<\/div>\n\t\t<\/div>\n\t\t\t\t<div class=\"elementor-column elementor-col-50 elementor-inner-column elementor-element elementor-element-42793d7c\" data-id=\"42793d7c\" data-element_type=\"column\">\n\t\t\t<div class=\"elementor-widget-wrap elementor-element-populated\">\n\t\t\t\t\t\t<div class=\"elementor-element elementor-element-506d7c41 elementor-widget elementor-widget-heading\" data-id=\"506d7c41\" data-element_type=\"widget\" data-widget_type=\"heading.default\">\n\t\t\t\t<div class=\"elementor-widget-container\">\n\t\t\t\t\t<h2 class=\"elementor-heading-title elementor-size-default\">See you safely<\/h2>\t\t\t\t<\/div>\n\t\t\t\t<\/div>\n\t\t\t\t<div class=\"elementor-element elementor-element-2804a154 elementor-widget elementor-widget-text-editor\" data-id=\"2804a154\" data-element_type=\"widget\" data-widget_type=\"text-editor.default\">\n\t\t\t\t<div class=\"elementor-widget-container\">\n\t\t\t\t\t\t\t\t\t<p>Every year we organize many large and small events. They are all different and we tailor our safety procedures according to the size of the event, timing and content. If you would like to know how our procedures look for a specific event please feel free to contact us. Safety and health for exhibitors and visitors are our top priority.<br \/>We look forward to seeing you in 2024!<\/p>\n\t\t\t\t\t\t\t\t<\/div>\n\t\t\t\t<\/div>\n\t\t\t\t\t<\/div>\n\t\t<\/div>\n\t\t\t\t\t<\/div>\n\t\t<\/section>\n\t\t\t\t<section class=\"elementor-section elementor-inner-section elementor-element elementor-element-1f4560b9 elementor-section-boxed elementor-section-height-default elementor-section-height-default\" data-id=\"1f4560b9\" data-element_type=\"section\">\n\t\t\t\t\t\t<div class=\"elementor-container elementor-column-gap-default\">\n\t\t\t\t\t<div class=\"elementor-column elementor-col-100 elementor-inner-column elementor-element elementor-element-4d2a3c1b\" data-id=\"4d2a3c1b\" data-element_type=\"column\">\n\t\t\t<div class=\"elementor-widget-wrap elementor-element-populated\">\n\t\t\t\t\t\t<div class=\"elementor-element elementor-element-36dddf3c elementor-widget elementor-widget-image\" data-id=\"36dddf3c\" data-element_type=\"widget\" data-widget_type=\"image.default\">\n\t\t\t\t<div class=\"elementor-widget-container\">\n\t\t\t\t\t\t\t\t\t\t\t\t\t\t\t<img decoding=\"async\" width=\"800\" height=\"204\" src=\"https:\/\/easyfairsassets.com\/sites\/109\/2021\/05\/Logo_EASYFAIRS-1024x261-1.png\" class=\"attachment-large size-large wp-image-5767\" alt=\"\" srcset=\"https:\/\/easyfairsassets.com\/sites\/109\/2021\/05\/Logo_EASYFAIRS-1024x261-1.png 1024w, https:\/\/easyfairsassets.com\/sites\/109\/2021\/05\/Logo_EASYFAIRS-1024x261-1-300x76.png 300w, https:\/\/easyfairsassets.com\/sites\/109\/2021\/05\/Logo_EASYFAIRS-1024x261-1-768x196.png 768w\" sizes=\"(max-width: 800px) 100vw, 800px\" \/>\t\t\t\t\t\t\t\t\t\t\t\t\t\t\t<\/div>\n\t\t\t\t<\/div>\n\t\t\t\t<div class=\"elementor-element elementor-element-3f755c05 elementor-widget elementor-widget-text-editor\" data-id=\"3f755c05\" data-element_type=\"widget\" data-widget_type=\"text-editor.default\">\n\t\t\t\t<div class=\"elementor-widget-container\">\n\t\t\t\t\t\t\t\t\t<p>Easyfairs operates 10 trade show facilities in Belgium, the Netherlands and Sweden (Antwerp, Ghent, Mechelen-Brussels North, Namur, Gorinchem, Hardenberg, Venray, Gothenburg, Malm\u00f6 and Stockholm). The Group employs over 750 people and had a revenue of over \u20ac160 million for the financial year 2016\u20132017.<br \/>For more information, visit Easyfairs website<strong> <a href=\"https:\/\/www.easyfairs.com\/visit-the-future\/\" target=\"_blank\" rel=\"noopener\"><span style=\"color: #00ccff\">http:\/\/www.easyfairs.com<\/span><\/a><\/strong><\/p>\n<p>Easyfairs strives to be the most innovative, flexible and efficient organiser in the trade show industry. We are always looking for new talent to strengthen our team. <br \/>We employ the star players in the industry, the most committed and professional employees. If you wish to work with us, <span style=\"color: #00ccff\"><strong><a style=\"color: #00ccff\" href=\"https:\/\/www.easyfairs.com\/join-us\/\" target=\"_blank\" rel=\"noopener\">click here to see our vacancies!<\/a><\/strong><br \/><\/span><br \/>Follow us on <strong><span style=\"color: #00ccff\"><a style=\"color: #00ccff\" href=\"https:\/\/www.linkedin.com\/company\/artexis-nordic\/\" target=\"_blank\" rel=\"noopener\">Linked<\/a>In<\/span><\/strong> or in <strong><span style=\"color: #00ccff\"><a style=\"color: #00ccff\" href=\"https:\/\/www.mynewsdesk.com\/se\/easyfairs\" target=\"_blank\" rel=\"noopener\">our press room<\/a><\/span><\/strong> for the latest news from us!<\/p>\n\t\t\t\t\t\t\t\t<\/div>\n\t\t\t\t<\/div>\n\t\t\t\t<div class=\"elementor-element elementor-element-7f0c5976 elementor-widget-divider--view-line elementor-widget elementor-widget-divider\" data-id=\"7f0c5976\" data-element_type=\"widget\" data-widget_type=\"divider.default\">\n\t\t\t\t<div class=\"elementor-widget-container\">\n\t\t\t\t\t\t\t<div class=\"elementor-divider\">\n\t\t\t<span class=\"elementor-divider-separator\">\n\t\t\t\t\t\t<\/span>\n\t\t<\/div>\n\t\t\t\t\t\t<\/div>\n\t\t\t\t<\/div>\n\t\t\t\t\t<\/div>\n\t\t<\/div>\n\t\t\t\t\t<\/div>\n\t\t<\/section>\n\t\t\t\t\t<\/div>\n\t\t<\/div>\n\t\t\t\t\t<\/div>\n\t\t<\/section>\n\t\t\t\t<\/div>\n\t\t","protected":false},"excerpt":{"rendered":"<p>Malm\u00f6m\u00e4ssan \u2013 in the heart of Greater Copenhagen! Malm\u00f6m\u00e4ssan is a modern meeting facility that can host all types of events: fairs, exhibitions, meetings, conferences and corporate events &#8211; only imagination sets the limits for what is possible. The meeting facility was built in 2012 with an exhibition hall of 10,000 m2, a conference center [&hellip;]<\/p>\n","protected":false},"author":7,"featured_media":0,"parent":0,"menu_order":11,"comment_status":"closed","ping_status":"closed","template":"elementor_header_footer","meta":{"_seopress_robots_primary_cat":"","_seopress_titles_title":"About us %%sep%% Malm\u00f6m\u00e4ssan  %%sep%% Easyfairs","_seopress_titles_desc":"Malm\u00f6m\u00e4ssan is strategically located in the heart of Greater Copenhagen and is run together with \u00c5bym\u00e4ssan and Kistam\u00e4ssan by Easyfairs \u2013 the leading trade show organiser in the Nordic region","_seopress_robots_index":"","footnotes":""},"class_list":["post-4163","page","type-page","status-publish","hentry"],"meta_box":[],"_links":{"self":[{"href":"https:\/\/www.malmomassan.se\/en\/wp-json\/wp\/v2\/pages\/4163","targetHints":{"allow":["GET"]}}],"collection":[{"href":"https:\/\/www.malmomassan.se\/en\/wp-json\/wp\/v2\/pages"}],"about":[{"href":"https:\/\/www.malmomassan.se\/en\/wp-json\/wp\/v2\/types\/page"}],"author":[{"embeddable":true,"href":"https:\/\/www.malmomassan.se\/en\/wp-json\/wp\/v2\/users\/7"}],"replies":[{"embeddable":true,"href":"https:\/\/www.malmomassan.se\/en\/wp-json\/wp\/v2\/comments?post=4163"}],"version-history":[{"count":5,"href":"https:\/\/www.malmomassan.se\/en\/wp-json\/wp\/v2\/pages\/4163\/revisions"}],"predecessor-version":[{"id":10149,"href":"https:\/\/www.malmomassan.se\/en\/wp-json\/wp\/v2\/pages\/4163\/revisions\/10149"}],"wp:attachment":[{"href":"https:\/\/www.malmomassan.se\/en\/wp-json\/wp\/v2\/media?parent=4163"}],"curies":[{"name":"wp","href":"https:\/\/api.w.org\/{rel}","templated":true}]}}