{"id":4156,"date":"2019-03-29T12:43:20","date_gmt":"2019-03-29T10:43:20","guid":{"rendered":"https:\/\/www.malmomassan.se\/calendar\/"},"modified":"2026-01-21T16:37:27","modified_gmt":"2026-01-21T14:37:27","slug":"calendar","status":"publish","type":"page","link":"https:\/\/www.malmomassan.se\/en\/calendar\/","title":{"rendered":"Calendar"},"content":{"rendered":"\t\t<div data-elementor-type=\"wp-post\" data-elementor-id=\"4156\" class=\"elementor elementor-4156 elementor-2205\" data-elementor-post-type=\"page\">\n\t\t\t\t\t\t<section class=\"elementor-section elementor-top-section elementor-element elementor-element-a3ee2f4 elementor-section-boxed elementor-section-height-default elementor-section-height-default\" data-id=\"a3ee2f4\" data-element_type=\"section\" data-settings=\"{&quot;background_background&quot;:&quot;classic&quot;}\">\n\t\t\t\t\t\t\t<div class=\"elementor-background-overlay\"><\/div>\n\t\t\t\t\t\t\t<div class=\"elementor-container elementor-column-gap-default\">\n\t\t\t\t\t<div class=\"elementor-column elementor-col-100 elementor-top-column elementor-element elementor-element-226fe13\" data-id=\"226fe13\" data-element_type=\"column\">\n\t\t\t<div class=\"elementor-widget-wrap elementor-element-populated\">\n\t\t\t\t\t\t<div class=\"elementor-element elementor-element-9d6f663 elementor-widget elementor-widget-heading\" data-id=\"9d6f663\" data-element_type=\"widget\" data-widget_type=\"heading.default\">\n\t\t\t\t<div class=\"elementor-widget-container\">\n\t\t\t\t\t<h1 class=\"elementor-heading-title elementor-size-default\">Upcoming events at Malm\u00f6m\u00e4ssan<\/h1>\t\t\t\t<\/div>\n\t\t\t\t<\/div>\n\t\t\t\t\t<\/div>\n\t\t<\/div>\n\t\t\t\t\t<\/div>\n\t\t<\/section>\n\t\t\t\t<section class=\"elementor-section elementor-top-section elementor-element elementor-element-81251b8 elementor-section-boxed elementor-section-height-default elementor-section-height-default\" data-id=\"81251b8\" data-element_type=\"section\" data-settings=\"{&quot;background_background&quot;:&quot;classic&quot;}\">\n\t\t\t\t\t\t<div class=\"elementor-container elementor-column-gap-default\">\n\t\t\t\t\t<div class=\"elementor-column elementor-col-100 elementor-top-column elementor-element elementor-element-eea2538\" data-id=\"eea2538\" data-element_type=\"column\">\n\t\t\t<div class=\"elementor-widget-wrap elementor-element-populated\">\n\t\t\t\t\t\t\t<\/div>\n\t\t<\/div>\n\t\t\t\t\t<\/div>\n\t\t<\/section>\n\t\t\t\t<\/div>\n\t\t","protected":false},"excerpt":{"rendered":"<p>Upcoming events at Malm\u00f6m\u00e4ssan<\/p>\n","protected":false},"author":7,"featured_media":0,"parent":0,"menu_order":1,"comment_status":"closed","ping_status":"closed","template":"elementor_header_footer","meta":{"_seopress_robots_primary_cat":"","_seopress_titles_title":"Calendar | Malm\u00f6m\u00e4ssan %%sep%% Easyfairs","_seopress_titles_desc":"At Malm\u00f6m\u00e4ssan, fairs and events are arranged annually, such as SETT Syd, Elm\u00e4ssan Syd & amp; The industrial fairs. Read about all our fairs and other events here","_seopress_robots_index":"","footnotes":""},"class_list":["post-4156","page","type-page","status-publish","hentry"],"meta_box":[],"_links":{"self":[{"href":"https:\/\/www.malmomassan.se\/en\/wp-json\/wp\/v2\/pages\/4156","targetHints":{"allow":["GET"]}}],"collection":[{"href":"https:\/\/www.malmomassan.se\/en\/wp-json\/wp\/v2\/pages"}],"about":[{"href":"https:\/\/www.malmomassan.se\/en\/wp-json\/wp\/v2\/types\/page"}],"author":[{"embeddable":true,"href":"https:\/\/www.malmomassan.se\/en\/wp-json\/wp\/v2\/users\/7"}],"replies":[{"embeddable":true,"href":"https:\/\/www.malmomassan.se\/en\/wp-json\/wp\/v2\/comments?post=4156"}],"version-history":[{"count":5,"href":"https:\/\/www.malmomassan.se\/en\/wp-json\/wp\/v2\/pages\/4156\/revisions"}],"predecessor-version":[{"id":10983,"href":"https:\/\/www.malmomassan.se\/en\/wp-json\/wp\/v2\/pages\/4156\/revisions\/10983"}],"wp:attachment":[{"href":"https:\/\/www.malmomassan.se\/en\/wp-json\/wp\/v2\/media?parent=4156"}],"curies":[{"name":"wp","href":"https:\/\/api.w.org\/{rel}","templated":true}]}}